{"id":19,"date":"2014-03-17T18:16:08","date_gmt":"2014-03-17T18:16:08","guid":{"rendered":"http:\/\/demo.themegrill.com\/spacious\/?page_id=19"},"modified":"2024-01-03T07:31:28","modified_gmt":"2024-01-03T07:31:28","slug":"robotica","status":"publish","type":"page","link":"https:\/\/www.sanjosehn.org\/2.0\/robotica\/","title":{"rendered":"Rob\u00f3tica"},"content":{"rendered":"\n<section id=\"section-09b56040-2f7a-4f06-8325-5840d7ca5e8d\" class=\"wp-block-gutentor-image-slider gutentor-section gutentor-image-slider imageSlider-template1\"><div class=\"gutentor-grid-item-wrap\"><div class=\"gutentor-slider-wrapper\" data-dots=\"true\" data-arrows=\"true\" data-infinite=\"true\" data-nextarrow=\"fas fa-angle-right\" data-prevarrow=\"fas fa-angle-left\" data-autoplay=\"true\" data-autoplayspeed=\"2000\" data-fade=\"true\" data-speed=\"1200\"><div class=\"gutentor-slider-item\"><div class=\"gutentor-single-item gutentor-single-item-0\"><div class=\"gutentor-single-item-wrap\"><div class=\"gutentor-single-item-image-box\"><div class=\"gutentor-bg-image\"><div class=\"overlay\"><\/div><\/div><\/div><div class=\"gutentor-single-item-content\"><div class=\"grid-container\"><div class=\"slider-caption text-center\"><h3 class=\"gutentor-single-item-title\">Rob\u00f3tica Educativa<\/h3><p class=\"gutentor-single-item-desc\">La importancia de la rob\u00f3tica en el contexto educativo radica en su capacidad para fomentar el pensamiento cr\u00edtico, la resoluci\u00f3n de problemas y la creatividad.<\/p><\/div><\/div><\/div><\/div><\/div><\/div><div class=\"gutentor-slider-item\"><div class=\"gutentor-single-item gutentor-single-item-1\"><div class=\"gutentor-single-item-wrap\"><div class=\"gutentor-single-item-image-box\"><div class=\"gutentor-bg-image\"><div class=\"overlay\"><\/div><\/div><\/div><div class=\"gutentor-single-item-content\"><div class=\"grid-container\"><div class=\"slider-caption text-center\"><h3 class=\"gutentor-single-item-title\">Potenciando nuestros estudiantes<\/h3><p class=\"gutentor-single-item-desc\">La rob\u00f3tica educativa emerge como un recurso pedag\u00f3gico innovador, fusionando el aprendizaje con la tecnolog\u00eda para potenciar habilidades clave en los estudiantes<\/p><\/div><\/div><\/div><\/div><\/div><\/div><\/div><\/div><\/section>\n\n\n\n<div class=\"wp-block-columns alignfull is-layout-flex wp-container-core-columns-is-layout-28f84493 wp-block-columns-is-layout-flex\">\n<div class=\"wp-block-column is-layout-flow wp-block-column-is-layout-flow\" style=\"flex-basis:50%\">\n<div class=\"wp-block-cover is-light\" style=\"min-height:600px;aspect-ratio:unset;\"><span aria-hidden=\"true\" class=\"wp-block-cover__background has-background-dim-100 has-background-dim\" style=\"background-color:#f6f6f6\"><\/span><div class=\"wp-block-cover__inner-container is-layout-flow wp-block-cover-is-layout-flow\">\n<figure class=\"wp-block-image aligncenter size-medium is-style-rounded\"><img fetchpriority=\"high\" decoding=\"async\" width=\"225\" height=\"300\" src=\"https:\/\/www.sanjosehn.org\/2.0\/wp-content\/uploads\/2023\/12\/20230809_084039-225x300.jpg\" alt=\"\" class=\"wp-image-4431\" srcset=\"https:\/\/www.sanjosehn.org\/2.0\/wp-content\/uploads\/2023\/12\/20230809_084039-225x300.jpg 225w, https:\/\/www.sanjosehn.org\/2.0\/wp-content\/uploads\/2023\/12\/20230809_084039-768x1024.jpg 768w, https:\/\/www.sanjosehn.org\/2.0\/wp-content\/uploads\/2023\/12\/20230809_084039-1152x1536.jpg 1152w, https:\/\/www.sanjosehn.org\/2.0\/wp-content\/uploads\/2023\/12\/20230809_084039-1536x2048.jpg 1536w, https:\/\/www.sanjosehn.org\/2.0\/wp-content\/uploads\/2023\/12\/20230809_084039-scaled.jpg 1920w\" sizes=\"(max-width: 225px) 100vw, 225px\" \/><\/figure>\n<\/div><\/div>\n<\/div>\n\n\n\n<div class=\"wp-block-column is-vertically-aligned-center is-layout-flow wp-block-column-is-layout-flow\" style=\"padding-top:1em;padding-right:1em;padding-bottom:1em;padding-left:1em\">\n<div class=\"wp-block-columns is-layout-flex wp-container-core-columns-is-layout-28f84493 wp-block-columns-is-layout-flex\">\n<div class=\"wp-block-column is-layout-flow wp-block-column-is-layout-flow\" style=\"flex-basis:620px\">\n<p class=\"has-small-font-size\" style=\"line-height:1.6\"><strong>\u00bfPara qu\u00e9 sirve la rob\u00f3tica educativa?<\/strong><\/p>\n\n\n\n<p class=\"has-small-font-size\" style=\"line-height:1.6\"><p>Al involucrarse con la rob\u00f3tica, los estudiantes desarrollan habilidades STEM y adquieren una comprensi\u00f3n pr\u00e1ctica de conceptos abstractos. Esto no solo los prepara para futuras carreras tecnol\u00f3gicas, sino que tambi\u00e9n promueve un enfoque de aprendizaje interactivo y colaborativo, esencial en la sociedad moderna.<\/p><\/p>\n\n\n\n<p><p>Al introducir la rob\u00f3tica en el \u00e1mbito educativo, se estimula el desarrollo de competencias fundamentales. La resoluci\u00f3n de problemas, el pensamiento l\u00f3gico y la creatividad se despliegan naturalmente mientras los estudiantes dise\u00f1an, construyen y programan robots. Esta interacci\u00f3n directa con la tecnolog\u00eda promueve el entendimiento pr\u00e1ctico de conceptos STEM (ciencia, tecnolog\u00eda, ingenier\u00eda y matem\u00e1ticas), preparando a los estudiantes para los desaf\u00edos del siglo XXI. Adem\u00e1s, la rob\u00f3tica educativa fomenta el trabajo en equipo y la comunicaci\u00f3n, ya que los estudiantes a menudo colaboran para alcanzar objetivos comunes. <\/p><\/p>\n<\/div>\n<\/div>\n<\/div>\n<\/div>\n\n\n\n<section id=\"section-d21669d6-cb08-4f10-97cb-592da15041b5\" class=\"wp-block-gutentor-advanced-columns gutentor-section gutentor-advanced-columns has-color-bg has-custom-bg\"><div class=\"grid-container\"><div class=\"grid-row\">\n<section id=\"section-8f86ad97-ffbc-49c9-9824-3eac87d1cf46\" class=\"wp-block-gutentor-single-column gutentor-single-column  grid-lg-6 grid-md-12 grid-12\">\n<section id=\"section-709fed7e-7fd8-4e2d-b3aa-123d34e96259\" class=\"wp-block-gutentor-content-box gutentor-section gutentor-content-box-wrapper content-template1\"><div class=\"grid-container\"><div class=\"gutentor-block-header\"><div class=\"gutentor-section-title text-left\"><h2 class=\"gutentor-title\">PBL (Project Based Learning)<\/h2><\/div><\/div><div class=\"grid-row gutentor-grid-item-wrap\"><div class=\"gutentor-grid-column grid-lg-12 grid-md-12 grid-12\"><div class=\"gutentor-single-item gutentor-single-item-0\"><div class=\"gutentor-single-item-wrap\"><div class=\"gutentor-single-item-content\"><h3 class=\"gutentor-single-item-title\"><strong>Aprendizaje Basado en Proyectos<\/strong><br>El aprendizaje basado en proyectos \u200b consiste en una modalidad de ense\u00f1anza y aprendizaje centrada en tareas, un proceso compartido de negociaci\u00f3n entre los participantes, siendo su objetivo principal la obtenci\u00f3n de un producto final.<\/h3><\/div><\/div><\/div><\/div><\/div><\/div><\/section>\n\n\n\n<p><\/p>\n<\/section>\n\n\n\n<section id=\"section-9d99c28f-6b4e-4cfd-b003-c863421bbd8f\" class=\"wp-block-gutentor-single-column gutentor-single-column  grid-lg-6 grid-md-12 grid-12\">\n<section id=\"section-901aedd8-e1b4-4021-9733-60ba0f2ccf58\" class=\"wp-block-gutentor-video-popup gutentor-section gutentor-video-popup video-popup-template1 has-image-bg has-custom-bg\"><div class=\"grid-container\"><div class=\"gutentor-grid-item-wrap\"><div class=\"gutentor-single-item\"><div class=\"gutentor-single-item-image-box\"><a class=\"gutentor-video-popup-holder\" href=\"https:\/\/www.youtube.com\/watch?v=JDV8L05Vk60\"><span class=\"video-popup-icon-box\"><i class=\"fas fa-video\"><\/i> <\/span><\/a><\/div><\/div><\/div><\/div><\/section>\n<\/section>\n<\/div><\/div><\/section>\n\n\n\n<section id=\"section-5955ff75-46e6-435a-aea9-10620366e53b\" class=\"wp-block-gutentor-image-box gutentor-section gutentor-image-wrapper imagebox-template1\"><div class=\"grid-container\"><div class=\"gutentor-block-header\"><div class=\"gutentor-section-title enable-title-design seperator-bottom text-center\"><h2 class=\"gutentor-title\">Niveles de Rob\u00f3tica<\/h2><\/div><\/div><div class=\"grid-row gutentor-grid-item-wrap\"><div class=\"gutentor-grid-column grid-lg-3 grid-md-6 grid-12\"><div class=\"gutentor-single-item gutentor-image gutentor-single-item-0\"><div class=\"gutentor-single-item-wrap\"><div class=\"gutentor-single-item-image-box\"><div class=\"gutentor-image-thumb\"><img decoding=\"async\" class=\"normal-image\" src=\"https:\/\/www.sanjosehn.org\/2.0\/wp-content\/uploads\/2023\/12\/rob1.jpeg\" alt=\"\" height=\"162\" width=\"311\" \/><\/div><\/div><div class=\"gutentor-single-item-content\"><h3 class=\"gutentor-single-item-title\">Preeschool<br>Robotics<\/h3><p class=\"gutentor-single-item-desc\">Implementando rutinas, l\u00f3gica y estructura.  <\/p><\/div><\/div><\/div><\/div><div class=\"gutentor-grid-column grid-lg-3 grid-md-6 grid-12\"><div class=\"gutentor-single-item gutentor-image gutentor-single-item-1\"><div class=\"gutentor-single-item-wrap\"><div class=\"gutentor-single-item-image-box\"><div class=\"gutentor-image-thumb\"><img decoding=\"async\" class=\"normal-image\" src=\"https:\/\/www.sanjosehn.org\/2.0\/wp-content\/uploads\/2023\/12\/learn.png\" alt=\"\" height=\"163\" width=\"308\" \/><\/div><\/div><div class=\"gutentor-single-item-content\"><h3 class=\"gutentor-single-item-title\">Learn &amp; Code<br>Alghoritms<\/h3><p class=\"gutentor-single-item-desc\"> Desarrollo de algoritmos y c\u00f3digos.  <\/p><\/div><\/div><\/div><\/div><div class=\"gutentor-grid-column grid-lg-3 grid-md-6 grid-12\"><div class=\"gutentor-single-item gutentor-image gutentor-single-item-2\"><div class=\"gutentor-single-item-wrap\"><div class=\"gutentor-single-item-image-box\"><div class=\"gutentor-image-thumb\"><img loading=\"lazy\" decoding=\"async\" class=\"normal-image\" src=\"https:\/\/www.sanjosehn.org\/2.0\/wp-content\/uploads\/2023\/12\/arduin2.jpeg\" alt=\"\" height=\"129\" width=\"242\" \/><\/div><\/div><div class=\"gutentor-single-item-content\"><h3 class=\"gutentor-single-item-title\">Arduino<br>Projects<\/h3><p class=\"gutentor-single-item-desc\"> Proyectos utilizando sensores y electr\u00f3nica.  <\/p><\/div><\/div><\/div><\/div><div class=\"gutentor-grid-column grid-lg-3 grid-md-6 grid-12\"><div class=\"gutentor-single-item gutentor-image gutentor-single-item-3\"><div class=\"gutentor-single-item-wrap\"><div class=\"gutentor-single-item-image-box\"><div class=\"gutentor-image-thumb\"><img loading=\"lazy\" decoding=\"async\" class=\"normal-image\" src=\"https:\/\/www.sanjosehn.org\/2.0\/wp-content\/uploads\/2023\/12\/lego.jpeg\" alt=\"\" height=\"168\" width=\"300\" \/><\/div><\/div><div class=\"gutentor-single-item-content\"><h3 class=\"gutentor-single-item-title\">LEGO Educations<br>Robotics <\/h3><p class=\"gutentor-single-item-desc\"> Proyectos de alta gama y desarrollo educativo.  <\/p><\/div><\/div><\/div><\/div><\/div><\/div><\/section>\n\n\n\n<section id=\"section-b71ccbd1-4c2c-48e6-a9fb-22683bf6a47d\" class=\"wp-block-gutentor-call-to-action gutentor-section  gutentor-calltoaction call-to-action-template3 has-image-bg has-custom-bg has-gutentor-overlay has-gutentor-block-shape-top has-gutentor-block-shape-bottom\"><div class=\"gutentor-block-shape-top\"><span><svg viewBox=\"0 0 1280 140\" preserveAspectRatio=\"none\" xmlns=\"http:\/\/www.w3.org\/2000\/svg\"><g><path d=\"M0 47.44L170 0l626.48 94.89L1110 87.11l170-39.67V140H0V47.44z\" fill-opacity=\".5\" \/><path d=\"M0 90.72l140-28.28 315.52 24.14L796.48 65.8 1140 104.89l140-14.17V140H0V90.72z\" \/><\/g><\/svg><\/span><\/div><div class=\"grid-container\"><div class=\"gutentor-block-header\"><div class=\"gutentor-section-title text-center\"><h2 class=\"gutentor-title\"><\/h2><\/div><\/div><div class=\"gutentor-grid-item-wrap\"><div class=\"gutentor-single-item\"><div class=\"gutentor-single-item-content\"><h3 class=\"gutentor-single-item-title\"> Proyectos aplicados<\/h3><div class=\"gutentor-single-item-desc\"><p class=\"gutentor-single-item-desc\"> <br>Nuestros estudiantes realizan proyectos aplicados, explorando la realidad actual y c\u00f3mo se pueden mejorar procesos <br>utilizando la rob\u00f3tica como un medio facilitador de los procesos de trabajo del ser humano.  <\/p><\/div><div class=\"gutentor-button-group\"><\/div><\/div><\/div><\/div><\/div><div class=\"gutentor-block-shape-bottom\"><span><svg viewBox=\"0 0 1280 140\" preserveAspectRatio=\"none\" xmlns=\"http:\/\/www.w3.org\/2000\/svg\"><g><path d=\"M0 47.44L170 0l626.48 94.89L1110 87.11l170-39.67V140H0V47.44z\" fill-opacity=\".5\" \/><path d=\"M0 90.72l140-28.28 315.52 24.14L796.48 65.8 1140 104.89l140-14.17V140H0V90.72z\" \/><\/g><\/svg><\/span><\/div><\/section>\n\n\n\n<section id=\"section-9ce3d6c1-15e3-4210-b491-ec3a3b15f547\" class=\"wp-block-gutentor-testimonial gutentor-section gutentor-testimonial testimonial-template3\"><div class=\"grid-container\"><div class=\"gutentor-block-header\"><div class=\"gutentor-section-title enable-title-design seperator-bottom text-center\"><h2 class=\"gutentor-title\">Experiencias de alumnos<\/h2><\/div><\/div><div class=\"grid-row gutentor-grid-item-wrap\"><div class=\"gutentor-grid-column grid-lg-4 grid-md-4 grid-12\"><div class=\"gutentor-single-item gutentor-single-item-0\"><div class=\"gutentor-single-item-content\"><div class=\"gutentor-single-item-image-box\"><div class=\"gutentor-image-thumb\"><img loading=\"lazy\" decoding=\"async\" class=\"normal-image\" src=\"https:\/\/www.sanjosehn.org\/2.0\/wp-content\/uploads\/2023\/12\/robp.jpg\" alt=\"\" height=\"100\" width=\"100\" \/><\/div><\/div><div class=\"gutentor-testimonial-content\"><div class=\"gutentor-testimonial-author\"><h3 class=\"gutentor-single-item-title\"> <strong>Genaro Ventura<\/strong><\/h3><p class=\"gutentor-single-item-designation\">K5 Grade<\/p><\/div><p class=\"gutentor-single-item-desc\">Me gusta jugar con el ratoncito y superar los retos de armar pistas que pone la Ms. Vilma, porque quiero ser el mejor y que mi equipo gane. <\/p><\/div><\/div><\/div><\/div><div class=\"gutentor-grid-column grid-lg-4 grid-md-4 grid-12\"><div class=\"gutentor-single-item gutentor-single-item-1\"><div class=\"gutentor-single-item-content\"><div class=\"gutentor-single-item-image-box\"><div class=\"gutentor-image-thumb\"><img loading=\"lazy\" decoding=\"async\" class=\"normal-image\" src=\"https:\/\/www.sanjosehn.org\/2.0\/wp-content\/uploads\/2023\/12\/robard.jpg\" alt=\"\" height=\"100\" width=\"100\" \/><\/div><\/div><div class=\"gutentor-testimonial-content\"><div class=\"gutentor-testimonial-author\"><h3 class=\"gutentor-single-item-title\">Andr\u00e9s Guevara<\/h3><p class=\"gutentor-single-item-designation\">4th Grade<\/p><\/div><p class=\"gutentor-single-item-desc\">Es impresionante la forma tan f\u00e1cil de programa sensores y aprender c\u00f3digos de programaci\u00f3n para desarrollar proyectos de rob\u00f3tica.<\/p><\/div><\/div><\/div><\/div><div class=\"gutentor-grid-column grid-lg-4 grid-md-4 grid-12\"><div class=\"gutentor-single-item gutentor-single-item-2\"><div class=\"gutentor-single-item-content\"><div class=\"gutentor-single-item-image-box\"><div class=\"gutentor-image-thumb\"><img loading=\"lazy\" decoding=\"async\" class=\"normal-image\" src=\"https:\/\/www.sanjosehn.org\/2.0\/wp-content\/uploads\/2023\/12\/robleg.jpg\" alt=\"\" height=\"100\" width=\"100\" \/><\/div><\/div><div class=\"gutentor-testimonial-content\"><div class=\"gutentor-testimonial-author\"><h3 class=\"gutentor-single-item-title\">Marissa Bueso<\/h3><p class=\"gutentor-single-item-designation\">9no Grado<\/p><\/div><p class=\"gutentor-single-item-desc\">Con la aplicaci\u00f3n de estos proyectos me imagino un futuro lleno de procesos tecnol\u00f3gicos y estoy prepar\u00e1ndome para ello..<\/p><\/div><\/div><\/div><\/div><\/div><\/div><\/section>\n","protected":false},"excerpt":{"rendered":"<p>La rob\u00f3tica educativa despierta la curiosidad y habilidades t\u00e9cnicas, ofreciendo a estudiantes una puerta a la innovaci\u00f3n tecnol\u00f3gica.<\/p>\n","protected":false},"author":1,"featured_media":4302,"parent":0,"menu_order":0,"comment_status":"closed","ping_status":"open","template":"elementor_header_footer","meta":{"footnotes":""},"class_list":["post-19","page","type-page","status-publish","has-post-thumbnail","hentry"],"_links":{"self":[{"href":"https:\/\/www.sanjosehn.org\/2.0\/wp-json\/wp\/v2\/pages\/19","targetHints":{"allow":["GET"]}}],"collection":[{"href":"https:\/\/www.sanjosehn.org\/2.0\/wp-json\/wp\/v2\/pages"}],"about":[{"href":"https:\/\/www.sanjosehn.org\/2.0\/wp-json\/wp\/v2\/types\/page"}],"author":[{"embeddable":true,"href":"https:\/\/www.sanjosehn.org\/2.0\/wp-json\/wp\/v2\/users\/1"}],"replies":[{"embeddable":true,"href":"https:\/\/www.sanjosehn.org\/2.0\/wp-json\/wp\/v2\/comments?post=19"}],"version-history":[{"count":34,"href":"https:\/\/www.sanjosehn.org\/2.0\/wp-json\/wp\/v2\/pages\/19\/revisions"}],"predecessor-version":[{"id":4572,"href":"https:\/\/www.sanjosehn.org\/2.0\/wp-json\/wp\/v2\/pages\/19\/revisions\/4572"}],"wp:featuredmedia":[{"embeddable":true,"href":"https:\/\/www.sanjosehn.org\/2.0\/wp-json\/wp\/v2\/media\/4302"}],"wp:attachment":[{"href":"https:\/\/www.sanjosehn.org\/2.0\/wp-json\/wp\/v2\/media?parent=19"}],"curies":[{"name":"wp","href":"https:\/\/api.w.org\/{rel}","templated":true}]}}