{"id":4515,"date":"2023-12-31T02:46:31","date_gmt":"2023-12-31T02:46:31","guid":{"rendered":"https:\/\/www.sanjosehn.org\/2.0\/?page_id=4515"},"modified":"2024-01-31T18:57:59","modified_gmt":"2024-01-31T18:57:59","slug":"quienes-somos-2","status":"publish","type":"page","link":"https:\/\/www.sanjosehn.org\/2.0\/quienes-somos-2\/","title":{"rendered":"\u00bfQui\u00e9nes somos?"},"content":{"rendered":"\n<section id=\"section-cdf948cf-3131-4975-85f4-11fdd15913b7\" class=\"wp-block-gutentor-image-slider gutentor-section gutentor-image-slider imageSlider-template1\"><div class=\"gutentor-grid-item-wrap\"><div class=\"gutentor-slider-wrapper\" data-dots=\"true\" data-arrows=\"true\" data-infinite=\"true\" data-nextarrow=\"fas fa-angle-right\" data-prevarrow=\"fas fa-angle-left\" data-autoplay=\"true\" data-autoplayspeed=\"3000\" data-fade=\"false\" data-speed=\"2000\"><div class=\"gutentor-slider-item\"><div class=\"gutentor-single-item gutentor-single-item-0\"><div class=\"gutentor-single-item-wrap\"><div class=\"gutentor-single-item-image-box\"><div class=\"gutentor-bg-image\"><div class=\"overlay\"><\/div><\/div><\/div><div class=\"gutentor-single-item-content\"><div class=\"grid-container\"><div class=\"slider-caption text-center\"><h3 class=\"gutentor-single-item-title\">Somos parte de la historia&#8230;<\/h3><p class=\"gutentor-single-item-desc\">Desde 1954, somos parte de la historia de toda la comunidad progrese\u00f1a, Honduras y el mundo.<\/p><\/div><\/div><\/div><\/div><\/div><\/div><div class=\"gutentor-slider-item\"><div class=\"gutentor-single-item gutentor-single-item-1\"><div class=\"gutentor-single-item-wrap\"><div class=\"gutentor-single-item-image-box\"><div class=\"gutentor-bg-image\"><div class=\"overlay\"><\/div><\/div><\/div><div class=\"gutentor-single-item-content\"><div class=\"grid-container\"><div class=\"slider-caption text-center\"><h3 class=\"gutentor-single-item-title\">Orgullosamente Josefinos<\/h3><p class=\"gutentor-single-item-desc\">En la actualidad seguimos siendo parte de la innovaci\u00f3n educativa integral, formando hombres y mujeres al servicio de los dem\u00e1s.<\/p><\/div><\/div><\/div><\/div><\/div><\/div><\/div><\/div><\/section>\n\n\n\n<section id=\"section-7cd12df7-0efd-4fde-a83b-3f60e90af7f2\" class=\"wp-block-gutentor-icon-box gutentor-section gutentor-icon-wrapper icon-template2 has-color-bg has-custom-bg\"><div class=\"grid-container\"><div class=\"grid-row gutentor-grid-item-wrap\"><div class=\"gutentor-grid-column grid-lg-4 grid-md-4 grid-12\"><div class=\"gutentor-single-item gutentor-icon gutentor-single-item-0\"><div class=\"gutentor-single-item-wrap\"><div class=\"gutentor-single-item-icon-box\"><i class=\"fas fa-star\"><\/i><\/div><div class=\"gutentor-single-item-content\"><h4 class=\"gutentor-single-item-title\"> Misi\u00f3n<\/h4><p class=\"gutentor-single-item-desc\">Una comunidad educativa Ignaciana que desde las Caracter\u00edsticas de la Educaci\u00f3n de la Compa\u00f1\u00eda de Jes\u00fas y valores evang\u00e9licos,\u00a0<strong>colaboramos en la formaci\u00f3n integral de hombres y mujeres para los dem\u00e1s<\/strong>, gestores de su propia historia y promotores de una sociedad hondure\u00f1a justa, \u00e9tica y equitativa.<\/p><\/div><\/div><\/div><\/div><div class=\"gutentor-grid-column grid-lg-4 grid-md-4 grid-12\"><div class=\"gutentor-single-item gutentor-icon gutentor-single-item-1\"><div class=\"gutentor-single-item-wrap\"><div class=\"gutentor-single-item-icon-box\"><i class=\"fas fa-binoculars\"><\/i><\/div><div class=\"gutentor-single-item-content\"><h4 class=\"gutentor-single-item-title\">Visi\u00f3n<\/h4><p class=\"gutentor-single-item-desc\">Ser una instituci\u00f3n que a trav\u00e9s de una Educaci\u00f3n Evangelizadora contribuyamos en la formaci\u00f3n integral de personas,\u00a0<strong>promoviendo valores y desarrollando competencias necesarias<\/strong>, para que sean capaces de comprender su realidad y transformarla,\u00a0<strong>con opci\u00f3n preferencial por los pobres<\/strong>, inspirada en la Espiritualidad Ignaciana. <\/p><\/div><\/div><\/div><\/div><div class=\"gutentor-grid-column grid-lg-4 grid-md-4 grid-12\"><div class=\"gutentor-single-item gutentor-icon gutentor-single-item-2\"><div class=\"gutentor-single-item-wrap\"><div class=\"gutentor-single-item-icon-box\"><i class=\"far fa-heart\"><\/i><\/div><div class=\"gutentor-single-item-content\"><h4 class=\"gutentor-single-item-title\">Valores<\/h4><p class=\"gutentor-single-item-desc\">Responsabilidad<br><br>Humildad<br><br>Justicia<br><br>Equidad<br><br>Honestidad <\/p><\/div><\/div><\/div><\/div><\/div><\/div><\/section>\n\n\n\n<section id=\"section-7dfbad66-d6d7-4d96-a2d7-7f1a954b5600\" class=\"wp-block-gutentor-about-block gutentor-section gutentor-about about-template1\"><div class=\"grid-container\"><div class=\"gutentor-grid-item-wrap\"><div class=\"gutentor-single-item\"><div class=\"grid-row\"><div class=\"grid-md-6 about-grid\"><div class=\"gutentor-single-item-image-box\"><div class=\"gutentor-image-thumb\"><img fetchpriority=\"high\" decoding=\"async\" class=\"normal-image\" src=\"https:\/\/www.sanjosehn.org\/2.0\/wp-content\/uploads\/2024\/01\/hist.png\" alt=\"\" height=\"1055\" width=\"627\" \/><\/div><\/div><\/div><div class=\"grid-md-6 about-grid\"><div class=\"gutentor-single-item-content\"><div class=\"gutentor-about-content\"><h2 class=\"gutentor-single-item-title\">Nuestra Historia<\/h2><p class=\"gutentor-single-item-desc\">El Instituto San Jos\u00e9 fue fundado en 1954 por los jesuitas de la Provincia de Missouri, Estados Unidos, a la cual Honduras pertenec\u00eda como Misi\u00f3n en ese entonces. En El Progreso no hab\u00eda otras instituciones educativas privadas y los jesuitas vieron la oportunidad de contribuir por medio de la Educaci\u00f3n. Las primeras clases comenzaron en en una peque\u00f1a casa de madera. El grupo inicial fue de 48 estudiantes. Al a\u00f1o siguiente y con el incremento de la matr\u00edcula, se debi\u00f3 trasladar al lugar que actualmente ocupa, en un \u00e1rea de 9.5 Mz.<br><br>Los edificios principales datan de finales de la d\u00e9cada de los \u201950s. El San Jos\u00e9 comenz\u00f3 como Instituto para varones y durante 18 a\u00f1os cont\u00f3 con una extensi\u00f3n para las se\u00f1oritas que era regentada por las Hermanas Religiosas de Notre Dame, que hacia 1972 constituyeron oficialmente su propia Instituci\u00f3n independiente.<br><br>El San Jos\u00e9 continu\u00f3 a partir de entonces como instituci\u00f3n co-educativa. En 1996 el San Jos\u00e9 abri\u00f3 la secci\u00f3n del Jard\u00edn para ni\u00f1os y la Escuela Primaria, ampliando as\u00ed su servicio a la comunidad educativa. Durante 25 a\u00f1os, el ISJ tuvo al frente rectores jesuitas norteamericanos, de la Provincia de Missouri. En la d\u00e9cada de los \u201d70 se incorporaron a la Misi\u00f3n de Honduras jesuitas llegados de Espa\u00f1a y pronto el liderazgo de la instituci\u00f3n pas\u00f3 a sus manos. Tras\u00a0<strong>sesenta y seis a\u00f1os<\/strong>, el Instituto San Jos\u00e9 cuenta con una historia ben\u00e9fica y positiva, constituy\u00e9ndose en uno de los\u00a0<strong>mejores colegios del pa\u00eds<\/strong>\u00a0y en particular de la zona. <\/p><\/div><\/div><\/div><\/div><\/div><\/div><\/div><\/section>\n\n\n\n<section id=\"section-3278f557-57e8-4950-915d-1c42f998391f\" class=\"wp-block-gutentor-call-to-action gutentor-section  gutentor-calltoaction call-to-action-template3 has-image-bg has-custom-bg has-gutentor-overlay\"><div class=\"grid-container\"><div class=\"gutentor-grid-item-wrap\"><div class=\"gutentor-single-item\"><div class=\"gutentor-single-item-content\"><h2 class=\"gutentor-single-item-title\"> Desde 1954&#8230;<\/h2><div class=\"gutentor-single-item-desc\"><p class=\"gutentor-single-item-desc\"> Formando hombres y mujeres para los dem\u00e1s. <\/p><\/div><div class=\"gutentor-button-group\"><\/div><\/div><\/div><\/div><\/div><\/section>\n","protected":false},"excerpt":{"rendered":"","protected":false},"author":1,"featured_media":0,"parent":0,"menu_order":0,"comment_status":"closed","ping_status":"closed","template":"","meta":{"footnotes":""},"class_list":["post-4515","page","type-page","status-publish","hentry"],"_links":{"self":[{"href":"https:\/\/www.sanjosehn.org\/2.0\/wp-json\/wp\/v2\/pages\/4515","targetHints":{"allow":["GET"]}}],"collection":[{"href":"https:\/\/www.sanjosehn.org\/2.0\/wp-json\/wp\/v2\/pages"}],"about":[{"href":"https:\/\/www.sanjosehn.org\/2.0\/wp-json\/wp\/v2\/types\/page"}],"author":[{"embeddable":true,"href":"https:\/\/www.sanjosehn.org\/2.0\/wp-json\/wp\/v2\/users\/1"}],"replies":[{"embeddable":true,"href":"https:\/\/www.sanjosehn.org\/2.0\/wp-json\/wp\/v2\/comments?post=4515"}],"version-history":[{"count":6,"href":"https:\/\/www.sanjosehn.org\/2.0\/wp-json\/wp\/v2\/pages\/4515\/revisions"}],"predecessor-version":[{"id":4607,"href":"https:\/\/www.sanjosehn.org\/2.0\/wp-json\/wp\/v2\/pages\/4515\/revisions\/4607"}],"wp:attachment":[{"href":"https:\/\/www.sanjosehn.org\/2.0\/wp-json\/wp\/v2\/media?parent=4515"}],"curies":[{"name":"wp","href":"https:\/\/api.w.org\/{rel}","templated":true}]}}