{"id":4690,"date":"2025-02-13T15:27:59","date_gmt":"2025-02-13T15:27:59","guid":{"rendered":"https:\/\/www.sanjosehn.org\/2.0\/?page_id=4690"},"modified":"2025-02-19T13:54:07","modified_gmt":"2025-02-19T13:54:07","slug":"solicitud-de-empleo","status":"publish","type":"page","link":"https:\/\/www.sanjosehn.org\/2.0\/solicitud-de-empleo\/","title":{"rendered":"Solicitud de Empleo"},"content":{"rendered":"\t\t<div data-elementor-type=\"wp-page\" data-elementor-id=\"4690\" class=\"elementor elementor-4690\">\n\t\t\t\t\t\t<section class=\"elementor-section elementor-top-section elementor-element elementor-element-aecdbd0 elementor-section-boxed elementor-section-height-default elementor-section-height-default\" data-id=\"aecdbd0\" data-element_type=\"section\" data-e-type=\"section\">\n\t\t\t\t\t\t<div class=\"elementor-container elementor-column-gap-default\">\n\t\t\t\t\t<div class=\"elementor-column elementor-col-100 elementor-top-column elementor-element elementor-element-96f610d\" data-id=\"96f610d\" data-element_type=\"column\" data-e-type=\"column\">\n\t\t\t<div class=\"elementor-widget-wrap elementor-element-populated\">\n\t\t\t\t\t\t<div class=\"elementor-element elementor-element-0126bad elementor-widget elementor-widget-image\" data-id=\"0126bad\" data-element_type=\"widget\" data-e-type=\"widget\" data-widget_type=\"image.default\">\n\t\t\t\t<div class=\"elementor-widget-container\">\n\t\t\t\t\t\t\t\t\t\t\t\t\t\t\t<img fetchpriority=\"high\" decoding=\"async\" width=\"750\" height=\"385\" src=\"https:\/\/www.sanjosehn.org\/2.0\/wp-content\/uploads\/2025\/02\/Join-Us2-1024x526.jpg\" class=\"attachment-large size-large wp-image-4701\" alt=\"\" srcset=\"https:\/\/www.sanjosehn.org\/2.0\/wp-content\/uploads\/2025\/02\/Join-Us2-1024x526.jpg 1024w, https:\/\/www.sanjosehn.org\/2.0\/wp-content\/uploads\/2025\/02\/Join-Us2-300x154.jpg 300w, https:\/\/www.sanjosehn.org\/2.0\/wp-content\/uploads\/2025\/02\/Join-Us2-768x394.jpg 768w, https:\/\/www.sanjosehn.org\/2.0\/wp-content\/uploads\/2025\/02\/Join-Us2.jpg 1190w\" sizes=\"(max-width: 750px) 100vw, 750px\" \/>\t\t\t\t\t\t\t\t\t\t\t\t\t\t\t<\/div>\n\t\t\t\t<\/div>\n\t\t\t\t\t<\/div>\n\t\t<\/div>\n\t\t\t\t\t<\/div>\n\t\t<\/section>\n\t\t\t\t<section class=\"elementor-section elementor-top-section elementor-element elementor-element-5382edd elementor-section-boxed elementor-section-height-default elementor-section-height-default\" data-id=\"5382edd\" data-element_type=\"section\" data-e-type=\"section\">\n\t\t\t\t\t\t<div class=\"elementor-container elementor-column-gap-default\">\n\t\t\t\t\t<div class=\"elementor-column elementor-col-100 elementor-top-column elementor-element elementor-element-dcdb5d2\" data-id=\"dcdb5d2\" data-element_type=\"column\" data-e-type=\"column\">\n\t\t\t<div class=\"elementor-widget-wrap elementor-element-populated\">\n\t\t\t\t\t\t<div class=\"elementor-element elementor-element-989ac03 elementor-widget elementor-widget-shortcode\" data-id=\"989ac03\" data-element_type=\"widget\" data-e-type=\"widget\" data-widget_type=\"shortcode.default\">\n\t\t\t\t<div class=\"elementor-widget-container\">\n\t\t\t\t\t\t\t<div class=\"elementor-shortcode\"><div class=\"everest-forms\"><div class=\"evf-container layout-two\" id=\"evf-4689\"><form id=\"evf-form-4689\" class=\"everest-form\" data-formid=\"4689\" data-ajax_submission=\"0\" data-keyboard_friendly_form=\"0\" data-form_state_type=\"\" method=\"post\" enctype=\"multipart\/form-data\" action=\"\/2.0\/wp-json\/wp\/v2\/pages\/4690\"><div class=\"evf-field-container\"><input type=\"hidden\" id=\"_wpnonce4689\" name=\"_wpnonce4689\" value=\"34c4600c43\" \/><input type=\"hidden\" name=\"_wp_http_referer\" value=\"\/2.0\/wp-json\/wp\/v2\/pages\/4690\" \/><div class=\"evf-frontend-row\" data-row=\"row_1\" conditional_rules=\"[]\"><div class=\"evf-frontend-grid evf-grid-2\" data-grid=\"grid_1\"><div id=\"evf-4689-field_0rRKcrjjLs-1-container\" class=\"evf-field evf-field-first-name form-row validate-required\" data-required-field-message=\"Este campo es obligatorio.\" data-field-id=\"0rRKcrjjLs-1\"><label class=\"evf-field-label\" for=\"evf-4689-field_0rRKcrjjLs-1\"><span class=\"evf-label\">Nombres<\/span> <abbr class=\"required\" title=\"Obligatorio\">*<\/abbr><\/label><input type=\"text\" id=\"evf-4689-field_0rRKcrjjLs-1\" class=\"input-text\" name=\"everest_forms[form_fields][0rRKcrjjLs-1]\" required><\/div><\/div><div class=\"evf-frontend-grid evf-grid-2\" data-grid=\"grid_2\"><div id=\"evf-4689-field_QxFdPhC06p-2-container\" class=\"evf-field evf-field-last-name form-row validate-required\" data-required-field-message=\"Este campo es obligatorio.\" data-field-id=\"QxFdPhC06p-2\"><label class=\"evf-field-label\" for=\"evf-4689-field_QxFdPhC06p-2\"><span class=\"evf-label\">Apellidos<\/span> <abbr class=\"required\" title=\"Obligatorio\">*<\/abbr><\/label><input type=\"text\" id=\"evf-4689-field_QxFdPhC06p-2\" class=\"input-text\" name=\"everest_forms[form_fields][QxFdPhC06p-2]\" required><\/div><\/div><\/div><div class=\"evf-frontend-row\" data-row=\"row_2\" conditional_rules=\"[]\"><div class=\"evf-frontend-grid evf-grid-1\" data-grid=\"grid_1\"><div id=\"evf-4689-field_dGKmAhjyol-3-container\" class=\"evf-field evf-field-email form-row validate-required validate-email\" data-required-field-message=\"Por favor, introduce una direcci\u00f3n de correo electr\u00f3nico v\u00e1lida.\" data-field-id=\"dGKmAhjyol-3\"><label class=\"evf-field-label\" for=\"evf-4689-field_dGKmAhjyol-3\"><span class=\"evf-label\">Correo Electr\u00f3nico<\/span> <abbr class=\"required\" title=\"Obligatorio\">*<\/abbr><\/label><input type=\"email\" id=\"evf-4689-field_dGKmAhjyol-3\" class=\"input-text\" name=\"everest_forms[form_fields][dGKmAhjyol-3]\" required ><\/div><div id=\"evf-4689-field_Oa1c2XRcM5-4-container\" class=\"evf-field evf-field-number form-row\" data-field-id=\"Oa1c2XRcM5-4\"><label class=\"evf-field-label\" for=\"evf-4689-field_Oa1c2XRcM5-4\"><span class=\"evf-label\">N\u00famero de tel\u00e9fono<\/span> <\/label><input type=\"number\" id=\"evf-4689-field_Oa1c2XRcM5-4\" class=\"input-text\" name=\"everest_forms[form_fields][Oa1c2XRcM5-4]\" step=\"1\" \/><\/div><\/div><\/div><div class=\"evf-frontend-row\" data-row=\"row_3\" conditional_rules=\"[]\"><div class=\"evf-frontend-grid evf-grid-2\" data-grid=\"grid_1\"><div id=\"evf-4689-field_azLK8e6jAi-9-container\" class=\"evf-field evf-field-select form-row\" data-field-id=\"azLK8e6jAi-9\"><label class=\"evf-field-label\" for=\"evf-4689-field_azLK8e6jAi-9\"><span class=\"evf-label\">Formaci\u00f3n Profesional<\/span> <\/label><select id=\"evf-4689-field_azLK8e6jAi-9\" class=\"input-text\" name=\"everest_forms[form_fields][azLK8e6jAi-9]\" ><option value=\"Bachillerato\" >Bachillerato<\/option><option value=\"Universidad (cursando)\" >Universidad (cursando)<\/option><option value=\"Universidad Completa\" >Universidad Completa<\/option><option value=\"Otro\" >Otro<\/option><\/select><\/div><\/div><div class=\"evf-frontend-grid evf-grid-2\" data-grid=\"grid_2\"><div id=\"evf-4689-field_WZF75x7IYl-14-container\" class=\"evf-field evf-field-text form-row\" data-field-id=\"WZF75x7IYl-14\"><label class=\"evf-field-label\" for=\"evf-4689-field_WZF75x7IYl-14\"><span class=\"evf-label\">T\u00edtulo obtenido<\/span> <\/label><input type=\"text\" id=\"evf-4689-field_WZF75x7IYl-14\" class=\"input-text\" name=\"everest_forms[form_fields][WZF75x7IYl-14]\" ><\/div><div id=\"evf-4689-field_sfNUOf50tJ-15-container\" class=\"evf-field evf-field-text form-row\" data-field-id=\"sfNUOf50tJ-15\"><label class=\"evf-field-label\" for=\"evf-4689-field_sfNUOf50tJ-15\"><span class=\"evf-label\">Nombre de Instituci\u00f3n\/Universidad<\/span> <\/label><input type=\"text\" id=\"evf-4689-field_sfNUOf50tJ-15\" class=\"input-text\" name=\"everest_forms[form_fields][sfNUOf50tJ-15]\" ><\/div><\/div><\/div><div class=\"evf-frontend-row\" data-row=\"row_5\" conditional_rules=\"[]\"><div class=\"evf-frontend-grid evf-grid-2\" data-grid=\"grid_1\"><div id=\"evf-4689-field_puSGrv2Myl-12-container\" class=\"evf-field evf-field-select form-row\" data-field-id=\"puSGrv2Myl-12\"><label class=\"evf-field-label\" for=\"evf-4689-field_puSGrv2Myl-12\"><span class=\"evf-label\">\u00c1rea que aplica para trabajar<\/span> <\/label><select id=\"evf-4689-field_puSGrv2Myl-12\" class=\"input-text\" name=\"everest_forms[form_fields][puSGrv2Myl-12]\" ><option value=\"Ingl\u00e9s\/Biling\u00fce\" >Ingl\u00e9s\/Biling\u00fce<\/option><option value=\"Matem\u00e1ticas\" >Matem\u00e1ticas<\/option><option value=\"Espa\u00f1ol\" >Espa\u00f1ol<\/option><option value=\"Sociales\" >Sociales<\/option><option value=\"Tecnolog\u00eda\" >Tecnolog\u00eda<\/option><option value=\"Naturales\" >Naturales<\/option><option value=\"Consejer\u00eda\" >Consejer\u00eda<\/option><option value=\"Administrativo\" >Administrativo<\/option><option value=\"Oficinas\" >Oficinas<\/option><\/select><\/div><\/div><div class=\"evf-frontend-grid evf-grid-2\" data-grid=\"grid_2\"><div id=\"evf-4689-field_DdCnHa80xT-13-container\" class=\"evf-field evf-field-radio form-row\" data-field-id=\"DdCnHa80xT-13\"><label class=\"evf-field-label\" for=\"evf-4689-field_DdCnHa80xT-13\"><span class=\"evf-label\">Nivel<\/span> <\/label><ul id=\"evf-4689-field_DdCnHa80xT-13\"><li class=\"choice-1 depth-1\"><input type=\"radio\" id=\"evf-4689-field_DdCnHa80xT-13_1\" class=\"input-text\" name=\"everest_forms[form_fields][DdCnHa80xT-13]\" value=\"Preb\u00e1sica\"  ><label class=\"everest-forms-field-label-inline\" for=\"evf-4689-field_DdCnHa80xT-13_1\">Preb\u00e1sica<\/label><\/li><li class=\"choice-2 depth-1\"><input type=\"radio\" id=\"evf-4689-field_DdCnHa80xT-13_2\" class=\"input-text\" name=\"everest_forms[form_fields][DdCnHa80xT-13]\" value=\"B\u00e1sica\"  ><label class=\"everest-forms-field-label-inline\" for=\"evf-4689-field_DdCnHa80xT-13_2\">B\u00e1sica<\/label><\/li><li class=\"choice-3 depth-1\"><input type=\"radio\" id=\"evf-4689-field_DdCnHa80xT-13_3\" class=\"input-text\" name=\"everest_forms[form_fields][DdCnHa80xT-13]\" value=\"Media\"  ><label class=\"everest-forms-field-label-inline\" for=\"evf-4689-field_DdCnHa80xT-13_3\">Media<\/label><\/li><li class=\"choice-4 depth-1\"><input type=\"radio\" id=\"evf-4689-field_DdCnHa80xT-13_4\" class=\"input-text\" name=\"everest_forms[form_fields][DdCnHa80xT-13]\" value=\"General\"  ><label class=\"everest-forms-field-label-inline\" for=\"evf-4689-field_DdCnHa80xT-13_4\">General<\/label><\/li><\/ul><\/div><\/div><\/div><div class=\"evf-frontend-row\" data-row=\"row_4\" conditional_rules=\"[]\"><div class=\"evf-frontend-grid evf-grid-1\" data-grid=\"grid_1\"><div id=\"evf-4689-field_7GIezJEJo4-7-container\" class=\"evf-field evf-field-textarea form-row validate-required\" data-required-field-message=\"Este campo es obligatorio.\" data-field-id=\"7GIezJEJo4-7\"><label class=\"evf-field-label\" for=\"evf-4689-field_7GIezJEJo4-7\"><span class=\"evf-label\">Breve descripci\u00f3n de sus habilidades:<\/span> <abbr class=\"required\" title=\"Obligatorio\">*<\/abbr><\/label><textarea id=\"evf-4689-field_7GIezJEJo4-7\" class=\"input-text\" name=\"everest_forms[form_fields][7GIezJEJo4-7]\" required ><\/textarea><\/div><div id=\"evf-4689-field_ozlRzN22Pu-16-container\" class=\"evf-field evf-field-file-upload form-row validate-required\" data-required-field-message=\"Este campo es obligatorio.\" data-field-id=\"ozlRzN22Pu-16\"><label class=\"evf-field-label\" for=\"evf-4689-field_ozlRzN22Pu-16\"><span class=\"evf-label\">Subir su Curriculum<\/span> <abbr class=\"required\" title=\"Obligatorio\">*<\/abbr><\/label>\t\t<div class=\"everest-forms-uploader\"\n\t\t\tdata-field-id=\"ozlRzN22Pu-16\"\n\t\t\tdata-form-id=\"4689\"\n\t\t\tdata-input-name=\"everest_forms_4689_ozlRzN22Pu-16\"\n\t\t\tdata-extensions=\"pdf,pdf,doc,docx\"\n\t\t\tdata-max-size=\"10485760\"\n\t\t\tdata-max-file-number=\"1\"\n\t\t\tdata-post-max-size=\"10485760\"\n\t\t\tdata-current-file-count=\"0\"\n\t\t\t>\n\t\t\t<div class=\"dz-message\">\n\t\t\t\t<svg xmlns=\"http:\/\/www.w3.org\/2000\/svg\" viewBox=\"0 0 32 32\" width=\"32px\" height=\"32px\" fill=\"#868e96\"><path class=\"cls-1\" d=\"M18.12,17.52,17,16.4V25a1,1,0,0,1-2,0V16.4l-1.12,1.12a1,1,0,0,1-1.42,0,1,1,0,0,1,0-1.41l2.83-2.83a1,1,0,0,1,1.42,0l2.83,2.83a1,1,0,0,1-.71,1.7A1,1,0,0,1,18.12,17.52ZM22,22H20a1,1,0,0,1,0-2h2a4,4,0,0,0,.27-8,1,1,0,0,1-.84-.57,6,6,0,0,0-11.36,1.69,1,1,0,0,1-1,.86H9A3,3,0,0,0,9,20h3a1,1,0,0,1,0,2H9a5,5,0,0,1-.75-9.94A8,8,0,0,1,23,10.1,6,6,0,0,1,22,22Z\"\/><\/svg>\n\t\t\t\t<span class=\"everest-forms-upload-title\">\n\t\t\t\t\tFavor subir su archivo en formato PDF o WORD\t\t\t\t<\/span>\n\n\t\t\t\t\t\t\t\t\t<span class=\"everest-forms-upload-hint\">\n\t\t\t\t\t\tSolo puedes subir 1 archivo\t\t\t\t\t<\/span>\n\t\t\t\t\t\t\t<\/div>\n\t\t\t\t\t<\/div>\n\t\t<input type=\"text\" class=\"dropzone-input input-text\" id=\"everest-forms-4689-field_ozlRzN22Pu-16\" name=\"everest_forms_4689_ozlRzN22Pu-16\" required conditional_id=\"\" conditional_rules=''>\n\t\t<\/div><\/div><\/div><\/div><div class=\"evf-honeypot-container evf-field-hp\"><label for=\"evf-4689-field-hp\" class=\"evf-field-label\">Phone<\/label><input type=\"text\" name=\"everest_forms[hp]\" id=\"evf-4689-field-hp\" class=\"input-text\"><\/div><div class=\"evf-submit-container \" ><input type=\"hidden\" name=\"everest_forms[id]\" value=\"4689\"><input type=\"hidden\" name=\"everest_forms[author]\" value=\"1\"><button type='submit' name='everest_forms[submit]' class='everest-forms-submit-button button evf-submit ' id='evf-submit-4689' value='evf-submit' data-process-text=\"Procesando...\" conditional_rules='&quot;&quot;' conditional_id='evf-submit-4689'  id=\"evf-submit-4689\" aria-live=\"assertive\">Enviar<\/button><\/div><\/form><\/div><!-- .evf-container --><\/div> <\/div>\n\t\t\t\t\t\t<\/div>\n\t\t\t\t<\/div>\n\t\t\t\t\t<\/div>\n\t\t<\/div>\n\t\t\t\t\t<\/div>\n\t\t<\/section>\n\t\t\t\t<\/div>\n\t\t","protected":false},"excerpt":{"rendered":"","protected":false},"author":1,"featured_media":0,"parent":0,"menu_order":0,"comment_status":"closed","ping_status":"closed","template":"","meta":{"footnotes":""},"class_list":["post-4690","page","type-page","status-publish","hentry"],"_links":{"self":[{"href":"https:\/\/www.sanjosehn.org\/2.0\/wp-json\/wp\/v2\/pages\/4690","targetHints":{"allow":["GET"]}}],"collection":[{"href":"https:\/\/www.sanjosehn.org\/2.0\/wp-json\/wp\/v2\/pages"}],"about":[{"href":"https:\/\/www.sanjosehn.org\/2.0\/wp-json\/wp\/v2\/types\/page"}],"author":[{"embeddable":true,"href":"https:\/\/www.sanjosehn.org\/2.0\/wp-json\/wp\/v2\/users\/1"}],"replies":[{"embeddable":true,"href":"https:\/\/www.sanjosehn.org\/2.0\/wp-json\/wp\/v2\/comments?post=4690"}],"version-history":[{"count":19,"href":"https:\/\/www.sanjosehn.org\/2.0\/wp-json\/wp\/v2\/pages\/4690\/revisions"}],"predecessor-version":[{"id":4713,"href":"https:\/\/www.sanjosehn.org\/2.0\/wp-json\/wp\/v2\/pages\/4690\/revisions\/4713"}],"wp:attachment":[{"href":"https:\/\/www.sanjosehn.org\/2.0\/wp-json\/wp\/v2\/media?parent=4690"}],"curies":[{"name":"wp","href":"https:\/\/api.w.org\/{rel}","templated":true}]}}